{"id":1532,"date":"2025-08-12T12:00:18","date_gmt":"2025-08-12T17:00:18","guid":{"rendered":"https:\/\/www.masalco.co\/?page_id=1532"},"modified":"2025-08-13T10:08:14","modified_gmt":"2025-08-13T15:08:14","slug":"mision","status":"publish","type":"page","link":"https:\/\/www.masalco.co\/index.php\/mision\/","title":{"rendered":"Misi\u00f3n"},"content":{"rendered":"\t\t<div data-elementor-type=\"wp-page\" data-elementor-id=\"1532\" class=\"elementor elementor-1532\">\n\t\t\t\t<div class=\"elementor-element elementor-element-cc2d0c4 e-flex e-con-boxed e-con e-parent\" data-id=\"cc2d0c4\" data-element_type=\"container\">\n\t\t\t\t\t<div class=\"e-con-inner\">\n\t\t\t\t<div class=\"elementor-element elementor-element-8a3531d elementor-widget elementor-widget-text-editor\" data-id=\"8a3531d\" data-element_type=\"widget\" data-widget_type=\"text-editor.default\">\n\t\t\t\t\t\t\t\t\t<p>En Masalco ejercemos un liderazgo s\u00f3lido en el sector de manejo de carga industrial y agr\u00edcola, proporcionando soluciones integrales, confiables y oportunas en repuestos y servicios especializados. Nuestro prop\u00f3sito es empoderar la productividad de nuestros clientes mediante un portafolio multimarca competitivo y un servicio de excelencia, sustentado en la experiencia de m\u00e1s de seis d\u00e9cadas de trayectoria.<\/p><p>Para lograrlo, contamos con un equipo altamente comprometido y capacitado, guiado por los m\u00e1s altos est\u00e1ndares de calidad, \u00e9tica y seguridad. Cultivamos relaciones de largo plazo basadas en la confianza mutua, la innovaci\u00f3n constante y la mejora continua, asegurando la plena satisfacci\u00f3n de las necesidades presentes y futuras de quienes conf\u00edan en nosotros<\/p>\t\t\t\t\t\t\t\t<\/div>\n\t\t\t\t\t<\/div>\n\t\t\t\t<\/div>\n\t\t\t\t<\/div>\n\t\t","protected":false},"excerpt":{"rendered":"<p>En Masalco ejercemos un liderazgo s\u00f3lido en el sector de manejo de carga industrial y agr\u00edcola, proporcionando soluciones integrales, confiables y oportunas en repuestos y servicios especializados. Nuestro prop\u00f3sito es<\/p>\n","protected":false},"author":1,"featured_media":0,"parent":0,"menu_order":0,"comment_status":"closed","ping_status":"closed","template":"","meta":{"_joinchat":[],"footnotes":""},"class_list":["post-1532","page","type-page","status-publish","hentry"],"jetpack_sharing_enabled":true,"_links":{"self":[{"href":"https:\/\/www.masalco.co\/index.php\/wp-json\/wp\/v2\/pages\/1532","targetHints":{"allow":["GET"]}}],"collection":[{"href":"https:\/\/www.masalco.co\/index.php\/wp-json\/wp\/v2\/pages"}],"about":[{"href":"https:\/\/www.masalco.co\/index.php\/wp-json\/wp\/v2\/types\/page"}],"author":[{"embeddable":true,"href":"https:\/\/www.masalco.co\/index.php\/wp-json\/wp\/v2\/users\/1"}],"replies":[{"embeddable":true,"href":"https:\/\/www.masalco.co\/index.php\/wp-json\/wp\/v2\/comments?post=1532"}],"version-history":[{"count":19,"href":"https:\/\/www.masalco.co\/index.php\/wp-json\/wp\/v2\/pages\/1532\/revisions"}],"predecessor-version":[{"id":1577,"href":"https:\/\/www.masalco.co\/index.php\/wp-json\/wp\/v2\/pages\/1532\/revisions\/1577"}],"wp:attachment":[{"href":"https:\/\/www.masalco.co\/index.php\/wp-json\/wp\/v2\/media?parent=1532"}],"curies":[{"name":"wp","href":"https:\/\/api.w.org\/{rel}","templated":true}]}}