{"id":1541,"date":"2025-08-12T12:16:19","date_gmt":"2025-08-12T17:16:19","guid":{"rendered":"https:\/\/www.masalco.co\/?page_id=1541"},"modified":"2025-08-13T10:04:30","modified_gmt":"2025-08-13T15:04:30","slug":"vision","status":"publish","type":"page","link":"https:\/\/www.masalco.co\/index.php\/vision\/","title":{"rendered":"Visi\u00f3n"},"content":{"rendered":"\t\t<div data-elementor-type=\"wp-page\" data-elementor-id=\"1541\" class=\"elementor elementor-1541\">\n\t\t\t\t<div class=\"elementor-element elementor-element-fcc220e e-flex e-con-boxed e-con e-parent\" data-id=\"fcc220e\" data-element_type=\"container\">\n\t\t\t\t\t<div class=\"e-con-inner\">\n\t\t\t\t<div class=\"elementor-element elementor-element-0ede59a elementor-widget elementor-widget-text-editor\" data-id=\"0ede59a\" data-element_type=\"widget\" data-widget_type=\"text-editor.default\">\n\t\t\t\t\t\t\t\t\t<p>En Masalco, proyectamos consolidarnos para el a\u00f1o 2026 como un referente l\u00edder en el suministro estrat\u00e9gico de repuestos y soluciones para equipos de manejo de carga industrial y agr\u00edcola, actuando como una verdadera extensi\u00f3n de los departamentos de compras de nuestros clientes.<br \/>Aspiramos a ser reconocidos por nuestra capacidad de respuesta \u00e1gil, nuestro enfoque proactivo y nuestro compromiso con la excelencia operativa, anticip\u00e1ndonos a las necesidades del mercado y generando alianzas s\u00f3lidas y sostenibles con cada cliente. Nuestro liderazgo se fundamenta en la innovaci\u00f3n, la mejora continua y el valor agregado, buscando no solo cumplir, sino superar las expectativas del sector a trav\u00e9s de una oferta competitiva, confiable y orientada al servicio.<\/p>\t\t\t\t\t\t\t\t<\/div>\n\t\t\t\t\t<\/div>\n\t\t\t\t<\/div>\n\t\t\t\t<\/div>\n\t\t","protected":false},"excerpt":{"rendered":"<p>En Masalco, proyectamos consolidarnos para el a\u00f1o 2026 como un referente l\u00edder en el suministro estrat\u00e9gico de repuestos y soluciones para equipos de manejo de carga industrial y agr\u00edcola, actuando<\/p>\n","protected":false},"author":1,"featured_media":0,"parent":0,"menu_order":0,"comment_status":"closed","ping_status":"closed","template":"","meta":{"_joinchat":[],"footnotes":""},"class_list":["post-1541","page","type-page","status-publish","hentry"],"jetpack_sharing_enabled":true,"_links":{"self":[{"href":"https:\/\/www.masalco.co\/index.php\/wp-json\/wp\/v2\/pages\/1541","targetHints":{"allow":["GET"]}}],"collection":[{"href":"https:\/\/www.masalco.co\/index.php\/wp-json\/wp\/v2\/pages"}],"about":[{"href":"https:\/\/www.masalco.co\/index.php\/wp-json\/wp\/v2\/types\/page"}],"author":[{"embeddable":true,"href":"https:\/\/www.masalco.co\/index.php\/wp-json\/wp\/v2\/users\/1"}],"replies":[{"embeddable":true,"href":"https:\/\/www.masalco.co\/index.php\/wp-json\/wp\/v2\/comments?post=1541"}],"version-history":[{"count":7,"href":"https:\/\/www.masalco.co\/index.php\/wp-json\/wp\/v2\/pages\/1541\/revisions"}],"predecessor-version":[{"id":1568,"href":"https:\/\/www.masalco.co\/index.php\/wp-json\/wp\/v2\/pages\/1541\/revisions\/1568"}],"wp:attachment":[{"href":"https:\/\/www.masalco.co\/index.php\/wp-json\/wp\/v2\/media?parent=1541"}],"curies":[{"name":"wp","href":"https:\/\/api.w.org\/{rel}","templated":true}]}}