{"id":1549,"date":"2025-08-12T12:22:29","date_gmt":"2025-08-12T17:22:29","guid":{"rendered":"https:\/\/www.masalco.co\/?page_id=1549"},"modified":"2025-08-13T10:06:23","modified_gmt":"2025-08-13T15:06:23","slug":"valores-corporativos","status":"publish","type":"page","link":"https:\/\/www.masalco.co\/index.php\/valores-corporativos\/","title":{"rendered":"Valores Corporativos"},"content":{"rendered":"\t\t<div data-elementor-type=\"wp-page\" data-elementor-id=\"1549\" class=\"elementor elementor-1549\">\n\t\t\t\t<div class=\"elementor-element elementor-element-1d6f139 e-flex e-con-boxed e-con e-parent\" data-id=\"1d6f139\" data-element_type=\"container\">\n\t\t\t\t\t<div class=\"e-con-inner\">\n\t\t\t\t<div class=\"elementor-element elementor-element-cf4d14d elementor-widget elementor-widget-text-editor\" data-id=\"cf4d14d\" data-element_type=\"widget\" data-widget_type=\"text-editor.default\">\n\t\t\t\t\t\t\t\t\t<p data-start=\"332\" data-end=\"505\"><strong data-start=\"332\" data-end=\"349\">1. Liderazgo:<\/strong><br data-start=\"349\" data-end=\"352\" \/>Guiamos con el ejemplo en el sector de repuestos industriales y agr\u00edcolas, impulsando la excelencia, la innovaci\u00f3n y el compromiso con nuestros clientes.<\/p><p data-start=\"507\" data-end=\"667\"><strong data-start=\"507\" data-end=\"525\">2. Compromiso:<\/strong><br data-start=\"525\" data-end=\"528\" \/>Nos dedicamos plenamente a satisfacer las necesidades de nuestros clientes, trabajando con pasi\u00f3n, responsabilidad y enfoque en resultados.<\/p><p data-start=\"669\" data-end=\"823\"><strong data-start=\"669\" data-end=\"690\">3. Confiabilidad:<\/strong><br data-start=\"690\" data-end=\"693\" \/>Nuestra trayectoria de m\u00e1s de seis d\u00e9cadas es sin\u00f3nimo de confianza. Cumplimos lo que prometemos, con transparencia y puntualidad.<\/p><p data-start=\"825\" data-end=\"999\"><strong data-start=\"825\" data-end=\"852\">4. Servicio al Cliente:<\/strong><br data-start=\"852\" data-end=\"855\" \/>Ponemos al cliente en el centro de todas nuestras decisiones. Brindamos atenci\u00f3n personalizada, soluciones oportunas y acompa\u00f1amiento constante.<\/p><p data-start=\"1001\" data-end=\"1175\"><strong data-start=\"1001\" data-end=\"1016\">5. Calidad:<\/strong><br data-start=\"1016\" data-end=\"1019\" \/>Buscamos la excelencia en cada proceso, producto y servicio, asegurando altos est\u00e1ndares que garanticen la satisfacci\u00f3n y fidelizaci\u00f3n de nuestros clientes.<\/p><p data-start=\"1177\" data-end=\"1331\"><strong data-start=\"1177\" data-end=\"1202\">6. Trabajo en Equipo:<\/strong><br data-start=\"1202\" data-end=\"1205\" \/>Fomentamos un ambiente colaborativo donde cada integrante aporta valor, conocimiento y compromiso para alcanzar metas comunes.<\/p><p data-start=\"1333\" data-end=\"1517\"><strong data-start=\"1333\" data-end=\"1369\">7. Innovaci\u00f3n y mejora continua:<\/strong><br data-start=\"1369\" data-end=\"1372\" \/>Nos adaptamos al cambio y evolucionamos constantemente para ofrecer soluciones actualizadas, eficientes y alineadas con las demandas del mercado.<\/p>\t\t\t\t\t\t\t\t<\/div>\n\t\t\t\t\t<\/div>\n\t\t\t\t<\/div>\n\t\t\t\t<\/div>\n\t\t","protected":false},"excerpt":{"rendered":"<p>1. Liderazgo:Guiamos con el ejemplo en el sector de repuestos industriales y agr\u00edcolas, impulsando la excelencia, la innovaci\u00f3n y el compromiso con nuestros clientes. 2. Compromiso:Nos dedicamos plenamente a satisfacer<\/p>\n","protected":false},"author":1,"featured_media":0,"parent":0,"menu_order":0,"comment_status":"closed","ping_status":"closed","template":"","meta":{"_joinchat":[],"footnotes":""},"class_list":["post-1549","page","type-page","status-publish","hentry"],"jetpack_sharing_enabled":true,"_links":{"self":[{"href":"https:\/\/www.masalco.co\/index.php\/wp-json\/wp\/v2\/pages\/1549","targetHints":{"allow":["GET"]}}],"collection":[{"href":"https:\/\/www.masalco.co\/index.php\/wp-json\/wp\/v2\/pages"}],"about":[{"href":"https:\/\/www.masalco.co\/index.php\/wp-json\/wp\/v2\/types\/page"}],"author":[{"embeddable":true,"href":"https:\/\/www.masalco.co\/index.php\/wp-json\/wp\/v2\/users\/1"}],"replies":[{"embeddable":true,"href":"https:\/\/www.masalco.co\/index.php\/wp-json\/wp\/v2\/comments?post=1549"}],"version-history":[{"count":10,"href":"https:\/\/www.masalco.co\/index.php\/wp-json\/wp\/v2\/pages\/1549\/revisions"}],"predecessor-version":[{"id":1574,"href":"https:\/\/www.masalco.co\/index.php\/wp-json\/wp\/v2\/pages\/1549\/revisions\/1574"}],"wp:attachment":[{"href":"https:\/\/www.masalco.co\/index.php\/wp-json\/wp\/v2\/media?parent=1549"}],"curies":[{"name":"wp","href":"https:\/\/api.w.org\/{rel}","templated":true}]}}