{"id":1143,"date":"2025-07-23T16:21:22","date_gmt":"2025-07-23T21:21:22","guid":{"rendered":"https:\/\/www.masalco.co\/?post_type=product&#038;p=1143"},"modified":"2025-07-23T16:22:03","modified_gmt":"2025-07-23T21:22:03","slug":"16x7x10-5-traction-black-rmax","status":"publish","type":"product","link":"https:\/\/www.masalco.co\/index.php\/product\/16x7x10-5-traction-black-rmax\/","title":{"rendered":"16X7X10.5 TRACTION BLACK RMAX"},"content":{"rendered":"<p>Llantas arometalicas para montacargas de 10 lonas, de alta resistencia para 3 turnos de trabajo, con taco alto 16x7x10,5 Grabadas<\/p>\n<p class=\"op-uc-p\">Llantas \u201cPress On\u201d (de banda s\u00f3lida)<br \/>\nCom\u00fanmente utilizadas en Am\u00e9rica del Norte, las llantas \u201cPress On\u201d Rmax (POB, por sus siglas en ingl\u00e9s) est\u00e1n compuestas de caucho natural macizo, qu\u00edmicamente adherido a una banda de acero. Nuestras llantas POB de caucho est\u00e1n disponibles en versiones lisas, con tracci\u00f3n y no marcantes. El dise\u00f1o del perfil con asistencia de giro facilita las maniobras y mejora la comodidad del operador. Los compuestos de alto rendimiento desarrollados por Stellana ofrecen una tracci\u00f3n excepcional y una larga vida \u00fatil.<\/p>\n<p class=\"op-uc-p\">Atributos clave:<\/p>\n<p class=\"op-uc-p\">Caucho natural s\u00f3lido disponible en versiones negras y no marcantes.<\/p>\n<p class=\"op-uc-p\">Dise\u00f1adas para minimizar el desprendimiento de material, los desgarres y la acumulaci\u00f3n de calor.<\/p>\n<p class=\"op-uc-p\">Su estabilidad lateral reduce la fatiga del operador durante la conducci\u00f3n.<\/p>\n<p class=\"op-uc-p\">El perfil con asistencia de giro mejora la maniobrabilidad, brindando mayor confort y seguridad.<\/p>\n","protected":false},"excerpt":{"rendered":"<p>Llantas arometalicas para montacargas de 10 lonas, de alta resistencia para 3 turnos de trabajo, con taco alto 16x7x10,5 Grabadas<\/p>\n","protected":false},"featured_media":1125,"comment_status":"open","ping_status":"closed","template":"","meta":{"_joinchat":[]},"product_cat":[48,50,49],"product_tag":[],"class_list":{"0":"post-1143","1":"product","2":"type-product","3":"status-publish","4":"has-post-thumbnail","6":"product_brand-1-stellana","7":"product_cat-llantas","8":"product_cat-arometalicas","9":"product_cat-rmax","11":"first","12":"instock","13":"taxable","14":"shipping-taxable","15":"purchasable","16":"product-type-simple"},"jetpack_sharing_enabled":true,"_links":{"self":[{"href":"https:\/\/www.masalco.co\/index.php\/wp-json\/wp\/v2\/product\/1143","targetHints":{"allow":["GET"]}}],"collection":[{"href":"https:\/\/www.masalco.co\/index.php\/wp-json\/wp\/v2\/product"}],"about":[{"href":"https:\/\/www.masalco.co\/index.php\/wp-json\/wp\/v2\/types\/product"}],"replies":[{"embeddable":true,"href":"https:\/\/www.masalco.co\/index.php\/wp-json\/wp\/v2\/comments?post=1143"}],"version-history":[{"count":1,"href":"https:\/\/www.masalco.co\/index.php\/wp-json\/wp\/v2\/product\/1143\/revisions"}],"predecessor-version":[{"id":1144,"href":"https:\/\/www.masalco.co\/index.php\/wp-json\/wp\/v2\/product\/1143\/revisions\/1144"}],"wp:featuredmedia":[{"embeddable":true,"href":"https:\/\/www.masalco.co\/index.php\/wp-json\/wp\/v2\/media\/1125"}],"wp:attachment":[{"href":"https:\/\/www.masalco.co\/index.php\/wp-json\/wp\/v2\/media?parent=1143"}],"wp:term":[{"taxonomy":"product_cat","embeddable":true,"href":"https:\/\/www.masalco.co\/index.php\/wp-json\/wp\/v2\/product_cat?post=1143"},{"taxonomy":"product_tag","embeddable":true,"href":"https:\/\/www.masalco.co\/index.php\/wp-json\/wp\/v2\/product_tag?post=1143"}],"curies":[{"name":"wp","href":"https:\/\/api.w.org\/{rel}","templated":true}]}}