{"id":1163,"date":"2025-07-23T17:02:37","date_gmt":"2025-07-23T22:02:37","guid":{"rendered":"https:\/\/www.masalco.co\/?post_type=product&#038;p=1163"},"modified":"2025-10-07T17:05:29","modified_gmt":"2025-10-07T22:05:29","slug":"28x9x15-focus-std-black","status":"publish","type":"product","link":"https:\/\/www.masalco.co\/index.php\/product\/28x9x15-focus-std-black\/","title":{"rendered":"28X9X15 FOCUS STD BLACK"},"content":{"rendered":"<p>Llantas semisolidas para montacargas de 8 lonas, con taco alto 28x9x15<\/p>\n<p>Para aplicaciones est\u00e1ndar<br \/>\nLa construcci\u00f3n \u00fanica de esta llanta ofrece un nivel superior de confort y rendimiento en comparaci\u00f3n con otras llantas econ\u00f3micas del mercado. Su estructura multicapa, altamente duradera, incluye una delgada capa de amortiguaci\u00f3n entre la banda de rodadura y la base de la llanta. Esta capa adicional permite una mejor disipaci\u00f3n del calor en comparaci\u00f3n con las llantas resilientes de dos capas. Disponible en versiones negras y no marcantes, la llanta Focus ofrece un rendimiento confiable en aplicaciones est\u00e1ndar y de manipulaci\u00f3n ligera de materiales.<\/p>\n<p>Atributos clave:<\/p>\n<p>Construcci\u00f3n multicapa resistente, superior a las llantas de doble capa.<\/p>\n<p>Banda de rodadura de alto rendimiento que reduce el desprendimiento de material y los desgarres en aplicaciones interiores y exteriores.<\/p>\n<p>Capa intermedia de amortiguaci\u00f3n que mejora la disipaci\u00f3n del calor y el confort del operador.<\/p>\n<p>Base extremadamente dura, reforzada con aros de acero para mayor resistencia, flexibilidad y para evitar el giro sobre el rin.<\/p>\n<p>Disponible en caucho natural negro y no marcante.<\/p>\n<p>Tacones m\u00e1s profundos que mejoran la transmisi\u00f3n del calor, reducen la vibraci\u00f3n y aumentan la comodidad del conductor.<\/p>\n","protected":false},"excerpt":{"rendered":"<p>Llantas semisolidas para montacargas de 8 lonas, con taco alto 28x9x15<\/p>\n","protected":false},"featured_media":1164,"comment_status":"open","ping_status":"closed","template":"","meta":{"_joinchat":[]},"product_cat":[48,53,51],"product_tag":[],"class_list":{"0":"post-1163","1":"product","2":"type-product","3":"status-publish","4":"has-post-thumbnail","6":"product_brand-1-stellana","7":"product_cat-llantas","8":"product_cat-focus","9":"product_cat-semisolidas","11":"first","12":"instock","13":"taxable","14":"shipping-taxable","15":"purchasable","16":"product-type-simple"},"jetpack_sharing_enabled":true,"_links":{"self":[{"href":"https:\/\/www.masalco.co\/index.php\/wp-json\/wp\/v2\/product\/1163","targetHints":{"allow":["GET"]}}],"collection":[{"href":"https:\/\/www.masalco.co\/index.php\/wp-json\/wp\/v2\/product"}],"about":[{"href":"https:\/\/www.masalco.co\/index.php\/wp-json\/wp\/v2\/types\/product"}],"replies":[{"embeddable":true,"href":"https:\/\/www.masalco.co\/index.php\/wp-json\/wp\/v2\/comments?post=1163"}],"version-history":[{"count":1,"href":"https:\/\/www.masalco.co\/index.php\/wp-json\/wp\/v2\/product\/1163\/revisions"}],"predecessor-version":[{"id":1167,"href":"https:\/\/www.masalco.co\/index.php\/wp-json\/wp\/v2\/product\/1163\/revisions\/1167"}],"wp:featuredmedia":[{"embeddable":true,"href":"https:\/\/www.masalco.co\/index.php\/wp-json\/wp\/v2\/media\/1164"}],"wp:attachment":[{"href":"https:\/\/www.masalco.co\/index.php\/wp-json\/wp\/v2\/media?parent=1163"}],"wp:term":[{"taxonomy":"product_cat","embeddable":true,"href":"https:\/\/www.masalco.co\/index.php\/wp-json\/wp\/v2\/product_cat?post=1163"},{"taxonomy":"product_tag","embeddable":true,"href":"https:\/\/www.masalco.co\/index.php\/wp-json\/wp\/v2\/product_tag?post=1163"}],"curies":[{"name":"wp","href":"https:\/\/api.w.org\/{rel}","templated":true}]}}