{"id":1482,"date":"2025-08-11T12:16:00","date_gmt":"2025-08-11T17:16:00","guid":{"rendered":"https:\/\/www.masalco.co\/?post_type=product&#038;p=1482"},"modified":"2025-08-12T10:19:26","modified_gmt":"2025-08-12T15:19:26","slug":"apilador-electrico-1-5-toneladas-3-3-metros","status":"publish","type":"product","link":"https:\/\/www.masalco.co\/index.php\/product\/apilador-electrico-1-5-toneladas-3-3-metros\/","title":{"rendered":"Apilador El\u00e9ctrico 1.5 Toneladas 3.3 Metros"},"content":{"rendered":"<p>Apilador El\u00e9ctrico 1.5 Toneladas 3.3 metros , Bater\u00eda \u00a0= Voltios\/ Capacidad 24\/105 V\/Ah @10h<\/p>\n","protected":false},"excerpt":{"rendered":"<p class=\"op-uc-p\">Apilador El\u00e9ctrico 1.5 Toneladas 3.3 metros , Bater\u00eda \u00a0= Voltios\/ Capacidad 24\/105 V\/Ah @10h<\/p>\n<p class=\"op-uc-p\">Apilador de paletas\/apilador de walkie\/apilador de horquilla\/apilador de elevaci\u00f3n<\/p>\n<p class=\"op-uc-p\">Dise\u00f1o compacto para palets tipo EE. UU., apilamiento perfecto y posicionamiento de palets, as\u00ed como estantes de almacenamiento y recarga.<\/p>\n<p class=\"op-uc-p\">Peque\u00f1o radio de giro ampliamente utilizado en peque\u00f1os almacenes y supermercados.<\/p>\n<p class=\"op-uc-p\">Adecuado para apilamiento de bajo nivel y transporte de corta distancia.<\/p>\n<p class=\"op-uc-p\">La cubierta posterior tiene un dise\u00f1o de tipo integrado, f\u00e1cil de montar y mantener.<\/p>\n<p class=\"op-uc-p\">Bater\u00eda de gel libre de mantener.<\/p>\n<p class=\"op-uc-p\">Cargador incorporado al este para acceder a la fuente de alimentaci\u00f3n, manejo de materiales del apilador de walkie el\u00e9ctrico.<br \/>\nMaximice la eficiencia con el apilador el\u00e9ctrico Walkie Straddle<\/p>\n<p class=\"op-uc-p\">Eleva la eficiencia de tu almac\u00e9n y supermercado con nuestro apilador el\u00e9ctrico Walkie Straddle.<\/p>\n<p class=\"op-uc-p\">Dise\u00f1ada para palets tipo EE. UU., esta potencia compacta sobresale en apilamiento, posicionamiento de palets y reabastecimiento de estantes, lo que la hace ideal para espacios peque\u00f1os y pasillos estrechos. Su peque\u00f1o radio de giro garantiza una maniobrabilidad superior en \u00e1reas limitadas, perfecto para apilamiento de bajo nivel y transporte de corta distancia.<\/p>\n<p class=\"op-uc-p\">Dise\u00f1ado para la simplicidad y el rendimiento<\/p>\n<p class=\"op-uc-p\">Con una cubierta posterior integrada, el mantenimiento y el montaje son sencillos, lo que reduce el tiempo de inactividad y mantiene tus operaciones sin problemas. La bater\u00eda de gel sin mantenimiento, junto con un cargador incorporado, proporciona acceso a la energ\u00eda sin problemas, lo que garantiza que tu apilador est\u00e9 siempre listo para la acci\u00f3n.<\/p>\n<p class=\"op-uc-p\">Respetuoso del medio ambiente y f\u00e1cil de usar<\/p>\n<p class=\"op-uc-p\">Este apilador el\u00e9ctrico no solo aumenta tu productividad, sino que tambi\u00e9n respalda tus objetivos de sostenibilidad con su dise\u00f1o ecol\u00f3gico. F\u00e1cil de operar y mantener, es la opci\u00f3n inteligente para las empresas que buscan mejorar sus procesos de manejo de materiales de manera eficiente y sostenible.<\/p>\n<p class=\"op-uc-p\">Elige el apilador el\u00e9ctrico Walkie Straddle para una soluci\u00f3n vers\u00e1til y de bajo mantenimiento para tus necesidades de manejo de materiales. Transforma tus operaciones con esta potencia ecol\u00f3gica y f\u00e1cil de usar hoy.<\/p>\n<p class=\"op-uc-p\">Esta versi\u00f3n condensada mantiene la informaci\u00f3n central y los beneficios del apilador el\u00e9ctrico Walkie Straddle, centr\u00e1ndose en su eficiencia, dise\u00f1o para espacios peque\u00f1os, facilidad de mantenimiento y respeto al medio ambiente, lo que lo convierte en una opci\u00f3n atractiva para el almacenamiento moderno y las operaciones minoristas.<\/p>\n","protected":false},"featured_media":1483,"comment_status":"open","ping_status":"closed","template":"","meta":{"_joinchat":[]},"product_cat":[67],"product_tag":[],"class_list":{"0":"post-1482","1":"product","2":"type-product","3":"status-publish","4":"has-post-thumbnail","6":"product_brand-2-xilin","7":"product_cat-apilador-electrico","9":"first","10":"instock","11":"taxable","12":"shipping-taxable","13":"purchasable","14":"product-type-simple"},"jetpack_sharing_enabled":true,"_links":{"self":[{"href":"https:\/\/www.masalco.co\/index.php\/wp-json\/wp\/v2\/product\/1482","targetHints":{"allow":["GET"]}}],"collection":[{"href":"https:\/\/www.masalco.co\/index.php\/wp-json\/wp\/v2\/product"}],"about":[{"href":"https:\/\/www.masalco.co\/index.php\/wp-json\/wp\/v2\/types\/product"}],"replies":[{"embeddable":true,"href":"https:\/\/www.masalco.co\/index.php\/wp-json\/wp\/v2\/comments?post=1482"}],"version-history":[{"count":2,"href":"https:\/\/www.masalco.co\/index.php\/wp-json\/wp\/v2\/product\/1482\/revisions"}],"predecessor-version":[{"id":1489,"href":"https:\/\/www.masalco.co\/index.php\/wp-json\/wp\/v2\/product\/1482\/revisions\/1489"}],"wp:featuredmedia":[{"embeddable":true,"href":"https:\/\/www.masalco.co\/index.php\/wp-json\/wp\/v2\/media\/1483"}],"wp:attachment":[{"href":"https:\/\/www.masalco.co\/index.php\/wp-json\/wp\/v2\/media?parent=1482"}],"wp:term":[{"taxonomy":"product_cat","embeddable":true,"href":"https:\/\/www.masalco.co\/index.php\/wp-json\/wp\/v2\/product_cat?post=1482"},{"taxonomy":"product_tag","embeddable":true,"href":"https:\/\/www.masalco.co\/index.php\/wp-json\/wp\/v2\/product_tag?post=1482"}],"curies":[{"name":"wp","href":"https:\/\/api.w.org\/{rel}","templated":true}]}}